{"id":188,"date":"2019-11-25T14:31:19","date_gmt":"2019-11-25T13:31:19","guid":{"rendered":"http:\/\/localhost\/ports-propres\/?page_id=188"},"modified":"2020-03-30T17:19:38","modified_gmt":"2020-03-30T15:19:38","slug":"legals","status":"publish","type":"page","link":"https:\/\/www.ports-propres.org\/en\/legals\/","title":{"rendered":"Legals"},"content":{"rendered":"\n<h2 class=\"has-primary-color has-text-color wp-block-heading\"><strong>\u00c9diteur du site<\/strong><\/h2>\n\n\n\n<p>Propri\u00e9taire : Union des Ports de Plaisance Provence Alpes C\u00f4te d\u2019Azur et Monaco<br><\/p>\n\n\n\n<p>Adresse :<br><\/p>\n\n\n\n<p>E-mail :&nbsp;vtourrel@upaca.com<br><\/p>\n\n\n\n<p>T\u00e9l\u00e9phone : <\/p>\n\n\n\n<p> Directeur de publication : V\u00e9ronique TOURREL-CLEMENT<\/p>\n\n\n\n<p>Raison sociale :<br>Structure juridique :<br>Num\u00e9ro SIRET :<br>Code APE :<br>Mention RCS :<br>Capital social : <\/p>\n\n\n\n<h2 class=\"has-primary-color has-text-color wp-block-heading\">Conception et r\u00e9alisation du site Internet <\/h2>\n\n\n\n<p><a rel=\"noreferrer noopener\" href=\"http:\/\/www.canopee.cc\/\" target=\"_blank\">Canop\u00e9e, agence de design global et strat\u00e9gie de communication<\/a><br>Adresse : 2 rue \u00c9tienne Gautier, 13200 Arles<br>Tel. : 04 66 59 83 59<br>E-mail :&nbsp;contact@canopee.cc<br>Site internet&nbsp;:&nbsp;<a rel=\"noreferrer noopener\" href=\"http:\/\/www.canopee.cc\/\" target=\"_blank\">www.canopee.cc<\/a> <\/p>\n\n\n\n<h2 class=\"has-primary-color has-text-color wp-block-heading\">H\u00e9bergement <\/h2>\n\n\n\n<p>OVH<br>RCS Roubaix \u2013 Tourcoing 424 761 419 00045<br>Code APE 6202A<br>N\u00b0 TVA : FR 22 424 761 419<br>Si\u00e8ge social : 2 rue Kellermann \u2013 59100 Roubaix \u2013 France. <\/p>\n\n\n\n<h2 class=\"has-primary-color has-text-color wp-block-heading\">Propri\u00e9t\u00e9 intellectuelle <\/h2>\n\n\n\n<p>L\u2019ensemble du contenu du pr\u00e9sent site Internet www.ports-propres.org \u00e0 savoir notamment tous les textes, commentaires, ouvrages, illustrations \u0153uvres et images reproduits ou repr\u00e9sent\u00e9s sont strictement r\u00e9serv\u00e9s au titre du droit d\u2019auteur ainsi qu\u2019au titre de la propri\u00e9t\u00e9 intellectuelle et pour le monde entier. \u00c0 ce titre et conform\u00e9ment aux dispositions du code de la propri\u00e9t\u00e9 intellectuelle, seule l\u2019utilisation pour un usage priv\u00e9 sous r\u00e9serve de dispositions diff\u00e9rentes voire plus restrictives du code de la propri\u00e9t\u00e9 intellectuelle est autoris\u00e9e. Toute reproduction ou repr\u00e9sentation totale ou partielle du site ou de tout ou partie des \u00e9l\u00e9ments se trouvant sur le site de&nbsp; www.ports-propres.org &nbsp;est strictement interdite.<\/p>\n\n\n\n<p>Toute utilisation de ces contenus en fraude des droits d\u00e9tenus par des tiers sur ceux-ci est constitutive du d\u00e9lit de contrefa\u00e7on, s\u00e9v\u00e8rement sanctionn\u00e9 par le Code de la Propri\u00e9t\u00e9 Intellectuelle.<\/p>\n\n\n\n<p>L\u2019Union des Ports de Plaisance Provence Alpes C\u00f4te d&#8217;Azur et Monaco ne saurait en aucun cas \u00eatre tenu pour responsable de la violation par un utilisateur de droits d\u00e9tenus par des tiers et perp\u00e9tr\u00e9e \u00e0 raison des activit\u00e9s de ce dernier sur le site.<\/p>\n\n\n\n<h2 class=\"has-primary-color has-text-color wp-block-heading\">Responsabilit\u00e9 <\/h2>\n\n\n\n<p>Le site&nbsp; www.ports-propres.org  peut contenir des liens vers d\u2019autres sites dont les contenus ne sont pas sous le contr\u00f4le de l\u2019Union des Ports de Plaisance Provence Alpes C\u00f4te d&#8217;Azur et Monaco. Par cons\u00e9quent, sa responsabilit\u00e9 ne saurait \u00eatre engag\u00e9e \u00e0 raison du contenu de ces sites, des liens qu\u2019ils contiennent, des produits ou services qu\u2019ils proposent.<\/p>\n\n\n\n<p>L\u2019 Union des Ports de Plaisance Provence Alpes C\u00f4te d&#8217;Azur et Monaco  exclut toute responsabilit\u00e9 pour n\u2019importe quel pr\u00e9judice caus\u00e9 directement et\/ou indirectement, de quelque fa\u00e7on que ce soit, du fait de l\u2019utilisation du site. L\u2019 Union des Ports de Plaisance Provence Alpes C\u00f4te d&#8217;Azur et Monaco ne sera en aucun cas responsable d\u2019un quelconque pr\u00e9judice, caus\u00e9 par :<\/p>\n\n\n\n<ul class=\"wp-block-list\"><li>des faits et actions des tiers,<\/li><li>l\u2019impossibilit\u00e9 d\u2019utiliser le site,<\/li><li>l\u2019utilisation irr\u00e9guli\u00e8re du site et\/ou des syst\u00e8mes informatiques de l\u2019 Union des Ports de Plaisance Provence Alpes C\u00f4te d&#8217;Azur et Monaco par un tiers<\/li><\/ul>\n\n\n<p><!--EndFragment--><br \/><br \/><\/p>","protected":false},"excerpt":{"rendered":"<p>\u00c9diteur du site Propri\u00e9taire : Union des Ports de Plaisance Provence Alpes C\u00f4te d\u2019Azur et Monaco Adresse : E-mail :&nbsp;vtourrel@upaca.com T\u00e9l\u00e9phone : Directeur de publication : V\u00e9ronique TOURREL-CLEMENT Raison sociale :Structure juridique :Num\u00e9ro SIRET :Code APE :Mention RCS :Capital social : Conception et r\u00e9alisation du site Internet Canop\u00e9e, agence de design global et strat\u00e9gie de [&hellip;]<\/p>\n","protected":false},"author":2,"featured_media":0,"parent":0,"menu_order":13,"comment_status":"closed","ping_status":"closed","template":"templates\/template-full-width.php","meta":{"_acf_changed":false,"footnotes":""},"class_list":["post-188","page","type-page","status-publish","hentry"],"acf":[],"_links":{"self":[{"href":"https:\/\/www.ports-propres.org\/en\/wp-json\/wp\/v2\/pages\/188","targetHints":{"allow":["GET"]}}],"collection":[{"href":"https:\/\/www.ports-propres.org\/en\/wp-json\/wp\/v2\/pages"}],"about":[{"href":"https:\/\/www.ports-propres.org\/en\/wp-json\/wp\/v2\/types\/page"}],"author":[{"embeddable":true,"href":"https:\/\/www.ports-propres.org\/en\/wp-json\/wp\/v2\/users\/2"}],"replies":[{"embeddable":true,"href":"https:\/\/www.ports-propres.org\/en\/wp-json\/wp\/v2\/comments?post=188"}],"version-history":[{"count":6,"href":"https:\/\/www.ports-propres.org\/en\/wp-json\/wp\/v2\/pages\/188\/revisions"}],"predecessor-version":[{"id":3760,"href":"https:\/\/www.ports-propres.org\/en\/wp-json\/wp\/v2\/pages\/188\/revisions\/3760"}],"wp:attachment":[{"href":"https:\/\/www.ports-propres.org\/en\/wp-json\/wp\/v2\/media?parent=188"}],"curies":[{"name":"wp","href":"https:\/\/api.w.org\/{rel}","templated":true}]}}